{"id":15663,"date":"2024-01-15T20:54:53","date_gmt":"2024-01-15T20:54:53","guid":{"rendered":"http:\/\/asadorferroviariocanario.com\/?post_type=product&#038;p=15663"},"modified":"2024-01-15T22:13:42","modified_gmt":"2024-01-15T22:13:42","slug":"olla-ferroviaria-canaria-8-raciones","status":"publish","type":"product","link":"https:\/\/asadorferroviariocanario.com\/?product=olla-ferroviaria-canaria-8-raciones","title":{"rendered":"Olla Ferroviaria Canaria 8 Raciones"},"content":{"rendered":"\t\t<div data-elementor-type=\"wp-post\" data-elementor-id=\"15663\" class=\"elementor elementor-15663\">\n\t\t\t\t<div class=\"wd-negative-gap elementor-element elementor-element-d1776e2 e-flex e-con-boxed e-con e-parent\" data-id=\"d1776e2\" data-element_type=\"container\" data-e-type=\"container\">\n\t\t\t\t\t<div class=\"e-con-inner\">\n\t\t<div class=\"elementor-element elementor-element-782c830 e-con-full e-flex e-con e-child\" data-id=\"782c830\" data-element_type=\"container\" data-e-type=\"container\">\n\t\t\t\t<div class=\"elementor-element elementor-element-daa1b03 elementor-widget elementor-widget-wd_text_block\" data-id=\"daa1b03\" data-element_type=\"widget\" data-e-type=\"widget\" data-widget_type=\"wd_text_block.default\">\n\t\t\t\t<div class=\"elementor-widget-container\">\n\t\t\t\t\t\t\t<div class=\"wd-text-block reset-last-child text-left\">\n\t\t\t\n\t\t\t<h3>OLLA FERROVIARIA CANARIA 8 RACIONES<\/h3><h4>Incluye:<\/h4><ul><li>Olla recta esmaltada sin asas de \u00d8 26 cm.<\/li><li>Collar\u00edn inox con asas de \u00d8 int.26 cm. \u00d8 ext. 31 cm.<\/li><li>Tapa recoge cenizas de \u00d8 25 cm.<\/li><li>Parrilla carb\u00f3n de \u00d8 30 cm.<\/li><li>Term\u00f3metro anal\u00f3gico.<\/li><li>Tapa de cristal templada de \u00d8 26 cm.<\/li><li>Parrilla para asar inox de \u00d8 30 cm.<\/li><li>Paella esmaltada de \u00d8 32 cm.<\/li><\/ul>\n\t\t\t\t\t<\/div>\n\t\t\t\t\t\t<\/div>\n\t\t\t\t<\/div>\n\t\t\t\t<\/div>\n\t\t<div class=\"elementor-element elementor-element-bbc9442 e-con-full e-flex e-con e-child\" data-id=\"bbc9442\" data-element_type=\"container\" data-e-type=\"container\">\n\t\t\t\t<div class=\"elementor-element elementor-element-0e2d92d elementor-widget elementor-widget-wd_text_block\" data-id=\"0e2d92d\" data-element_type=\"widget\" data-e-type=\"widget\" data-widget_type=\"wd_text_block.default\">\n\t\t\t\t<div class=\"elementor-widget-container\">\n\t\t\t\t\t\t\t<div class=\"wd-text-block reset-last-child text-left\">\n\t\t\t\n\t\t\t<h4>\u00a0<\/h4><h4>Opcional:<\/h4><ul><li>Plancha de hierro fundido de \u00d8 32 cm.<\/li><li>Parrilla para jamoncitos de pollo de \u00d8 30 cm.<\/li><\/ul>\n\t\t\t\t\t<\/div>\n\t\t\t\t\t\t<\/div>\n\t\t\t\t<\/div>\n\t\t\t\t<\/div>\n\t\t\t\t\t<\/div>\n\t\t\t\t<\/div>\n\t\t\t\t<\/div>\n\t\t","protected":false},"excerpt":{"rendered":"<h1>Donde la Tradici\u00f3n se fusiona con la Innovaci\u00f3n<\/h1>\n<p>Descubre la esencia de la cocina vasca en canaria con nuestra Olla Ferroviaria, dise\u00f1ada para cautivar a los amantes del buen comer.<\/p>\n<p>Fabricada con l\u00e1mina de acero revestida de esmalte vitrificado, esta joya culinaria resiste hasta 850\u00ba C.<\/p>\n<p>Su protecci\u00f3n anticorrosiva atemporal, colores estables y resistencia qu\u00edmica hacen de esta olla una elecci\u00f3n \u00fanica. Ign\u00edfuga y limpia, garantiza una cocci\u00f3n impecable.<\/p>\n<p>Prep\u00e1rate para deleitar hasta 8 comensales con platos inigualables.<\/p>\n<p>Eleva tu cocina a nuevas alturas con la Olla Ferroviaria Canaria: fusionando lo cl\u00e1sico con lo contempor\u00e1neo en cada deliciosa porci\u00f3n.<\/p>\n<p>\u00a1Adqui\u00e9rela hoy y haz historia gastron\u00f3mica!<\/p>\n","protected":false},"featured_media":15619,"comment_status":"open","ping_status":"closed","template":"","meta":[],"product_brand":[],"product_cat":[71],"product_tag":[],"class_list":{"0":"post-15663","1":"product","2":"type-product","3":"status-publish","4":"has-post-thumbnail","6":"product_cat-olla-ferroviaria-mixta","8":"first","9":"instock","10":"shipping-taxable","11":"product-type-simple"},"yoast_head":"<!-- This site is optimized with the Yoast SEO plugin v26.8 - https:\/\/yoast.com\/product\/yoast-seo-wordpress\/ -->\n<title>Olla Ferroviaria Canaria 8 Raciones - Asador Ferroviario Canario<\/title>\n<meta name=\"description\" content=\"Descubre la perfecci\u00f3n culinaria con nuestra Olla Ferroviaria Canaria: una fusi\u00f3n magistral entre tradici\u00f3n e innovaci\u00f3n.\" \/>\n<meta name=\"robots\" content=\"index, follow, max-snippet:-1, max-image-preview:large, max-video-preview:-1\" \/>\n<link rel=\"canonical\" href=\"https:\/\/asadorferroviariocanario.com\/?product=olla-ferroviaria-canaria-8-raciones\" \/>\n<meta property=\"og:locale\" content=\"es_ES\" \/>\n<meta property=\"og:type\" content=\"article\" \/>\n<meta property=\"og:title\" content=\"Olla Ferroviaria Canaria 8 Raciones - Asador Ferroviario Canario\" \/>\n<meta property=\"og:description\" content=\"Descubre la perfecci\u00f3n culinaria con nuestra Olla Ferroviaria Canaria: una fusi\u00f3n magistral entre tradici\u00f3n e innovaci\u00f3n.\" \/>\n<meta property=\"og:url\" content=\"https:\/\/asadorferroviariocanario.com\/?product=olla-ferroviaria-canaria-8-raciones\" \/>\n<meta property=\"og:site_name\" content=\"Asador Ferroviario Canario\" \/>\n<meta property=\"article:modified_time\" content=\"2024-01-15T22:13:42+00:00\" \/>\n<meta property=\"og:image\" content=\"https:\/\/asadorferroviariocanario.com\/wp-content\/uploads\/2024\/01\/olla-3.png\" \/>\n\t<meta property=\"og:image:width\" content=\"1107\" \/>\n\t<meta property=\"og:image:height\" content=\"1600\" \/>\n\t<meta property=\"og:image:type\" content=\"image\/png\" \/>\n<meta name=\"twitter:card\" content=\"summary_large_image\" \/>\n<meta name=\"twitter:label1\" content=\"Tiempo de lectura\" \/>\n\t<meta name=\"twitter:data1\" content=\"1 minuto\" \/>\n<script type=\"application\/ld+json\" class=\"yoast-schema-graph\">{\"@context\":\"https:\/\/schema.org\",\"@graph\":[{\"@type\":\"WebPage\",\"@id\":\"https:\/\/asadorferroviariocanario.com\/?product=olla-ferroviaria-canaria-8-raciones\",\"url\":\"https:\/\/asadorferroviariocanario.com\/?product=olla-ferroviaria-canaria-8-raciones\",\"name\":\"Olla Ferroviaria Canaria 8 Raciones - Asador Ferroviario Canario\",\"isPartOf\":{\"@id\":\"https:\/\/asadorferroviariocanario.com\/#website\"},\"primaryImageOfPage\":{\"@id\":\"https:\/\/asadorferroviariocanario.com\/?product=olla-ferroviaria-canaria-8-raciones#primaryimage\"},\"image\":{\"@id\":\"https:\/\/asadorferroviariocanario.com\/?product=olla-ferroviaria-canaria-8-raciones#primaryimage\"},\"thumbnailUrl\":\"https:\/\/asadorferroviariocanario.com\/wp-content\/uploads\/2024\/01\/olla-3.png\",\"datePublished\":\"2024-01-15T20:54:53+00:00\",\"dateModified\":\"2024-01-15T22:13:42+00:00\",\"description\":\"Descubre la perfecci\u00f3n culinaria con nuestra Olla Ferroviaria Canaria: una fusi\u00f3n magistral entre tradici\u00f3n e innovaci\u00f3n.\",\"breadcrumb\":{\"@id\":\"https:\/\/asadorferroviariocanario.com\/?product=olla-ferroviaria-canaria-8-raciones#breadcrumb\"},\"inLanguage\":\"es\",\"potentialAction\":[{\"@type\":\"ReadAction\",\"target\":[\"https:\/\/asadorferroviariocanario.com\/?product=olla-ferroviaria-canaria-8-raciones\"]}]},{\"@type\":\"ImageObject\",\"inLanguage\":\"es\",\"@id\":\"https:\/\/asadorferroviariocanario.com\/?product=olla-ferroviaria-canaria-8-raciones#primaryimage\",\"url\":\"https:\/\/asadorferroviariocanario.com\/wp-content\/uploads\/2024\/01\/olla-3.png\",\"contentUrl\":\"https:\/\/asadorferroviariocanario.com\/wp-content\/uploads\/2024\/01\/olla-3.png\",\"width\":1107,\"height\":1600},{\"@type\":\"BreadcrumbList\",\"@id\":\"https:\/\/asadorferroviariocanario.com\/?product=olla-ferroviaria-canaria-8-raciones#breadcrumb\",\"itemListElement\":[{\"@type\":\"ListItem\",\"position\":1,\"name\":\"Portada\",\"item\":\"https:\/\/asadorferroviariocanario.com\/\"},{\"@type\":\"ListItem\",\"position\":2,\"name\":\"Nuestros Productos\",\"item\":\"https:\/\/asadorferroviariocanario.com\/?page_id=47\"},{\"@type\":\"ListItem\",\"position\":3,\"name\":\"Olla Ferroviaria Canaria 8 Raciones\"}]},{\"@type\":\"WebSite\",\"@id\":\"https:\/\/asadorferroviariocanario.com\/#website\",\"url\":\"https:\/\/asadorferroviariocanario.com\/\",\"name\":\"Asador Ferroviario Canario\",\"description\":\"A.F.V\",\"potentialAction\":[{\"@type\":\"SearchAction\",\"target\":{\"@type\":\"EntryPoint\",\"urlTemplate\":\"https:\/\/asadorferroviariocanario.com\/?s={search_term_string}\"},\"query-input\":{\"@type\":\"PropertyValueSpecification\",\"valueRequired\":true,\"valueName\":\"search_term_string\"}}],\"inLanguage\":\"es\"}]}<\/script>\n<!-- \/ Yoast SEO plugin. -->","yoast_head_json":{"title":"Olla Ferroviaria Canaria 8 Raciones - Asador Ferroviario Canario","description":"Descubre la perfecci\u00f3n culinaria con nuestra Olla Ferroviaria Canaria: una fusi\u00f3n magistral entre tradici\u00f3n e innovaci\u00f3n.","robots":{"index":"index","follow":"follow","max-snippet":"max-snippet:-1","max-image-preview":"max-image-preview:large","max-video-preview":"max-video-preview:-1"},"canonical":"https:\/\/asadorferroviariocanario.com\/?product=olla-ferroviaria-canaria-8-raciones","og_locale":"es_ES","og_type":"article","og_title":"Olla Ferroviaria Canaria 8 Raciones - Asador Ferroviario Canario","og_description":"Descubre la perfecci\u00f3n culinaria con nuestra Olla Ferroviaria Canaria: una fusi\u00f3n magistral entre tradici\u00f3n e innovaci\u00f3n.","og_url":"https:\/\/asadorferroviariocanario.com\/?product=olla-ferroviaria-canaria-8-raciones","og_site_name":"Asador Ferroviario Canario","article_modified_time":"2024-01-15T22:13:42+00:00","og_image":[{"width":1107,"height":1600,"url":"https:\/\/asadorferroviariocanario.com\/wp-content\/uploads\/2024\/01\/olla-3.png","type":"image\/png"}],"twitter_card":"summary_large_image","twitter_misc":{"Tiempo de lectura":"1 minuto"},"schema":{"@context":"https:\/\/schema.org","@graph":[{"@type":"WebPage","@id":"https:\/\/asadorferroviariocanario.com\/?product=olla-ferroviaria-canaria-8-raciones","url":"https:\/\/asadorferroviariocanario.com\/?product=olla-ferroviaria-canaria-8-raciones","name":"Olla Ferroviaria Canaria 8 Raciones - Asador Ferroviario Canario","isPartOf":{"@id":"https:\/\/asadorferroviariocanario.com\/#website"},"primaryImageOfPage":{"@id":"https:\/\/asadorferroviariocanario.com\/?product=olla-ferroviaria-canaria-8-raciones#primaryimage"},"image":{"@id":"https:\/\/asadorferroviariocanario.com\/?product=olla-ferroviaria-canaria-8-raciones#primaryimage"},"thumbnailUrl":"https:\/\/asadorferroviariocanario.com\/wp-content\/uploads\/2024\/01\/olla-3.png","datePublished":"2024-01-15T20:54:53+00:00","dateModified":"2024-01-15T22:13:42+00:00","description":"Descubre la perfecci\u00f3n culinaria con nuestra Olla Ferroviaria Canaria: una fusi\u00f3n magistral entre tradici\u00f3n e innovaci\u00f3n.","breadcrumb":{"@id":"https:\/\/asadorferroviariocanario.com\/?product=olla-ferroviaria-canaria-8-raciones#breadcrumb"},"inLanguage":"es","potentialAction":[{"@type":"ReadAction","target":["https:\/\/asadorferroviariocanario.com\/?product=olla-ferroviaria-canaria-8-raciones"]}]},{"@type":"ImageObject","inLanguage":"es","@id":"https:\/\/asadorferroviariocanario.com\/?product=olla-ferroviaria-canaria-8-raciones#primaryimage","url":"https:\/\/asadorferroviariocanario.com\/wp-content\/uploads\/2024\/01\/olla-3.png","contentUrl":"https:\/\/asadorferroviariocanario.com\/wp-content\/uploads\/2024\/01\/olla-3.png","width":1107,"height":1600},{"@type":"BreadcrumbList","@id":"https:\/\/asadorferroviariocanario.com\/?product=olla-ferroviaria-canaria-8-raciones#breadcrumb","itemListElement":[{"@type":"ListItem","position":1,"name":"Portada","item":"https:\/\/asadorferroviariocanario.com\/"},{"@type":"ListItem","position":2,"name":"Nuestros Productos","item":"https:\/\/asadorferroviariocanario.com\/?page_id=47"},{"@type":"ListItem","position":3,"name":"Olla Ferroviaria Canaria 8 Raciones"}]},{"@type":"WebSite","@id":"https:\/\/asadorferroviariocanario.com\/#website","url":"https:\/\/asadorferroviariocanario.com\/","name":"Asador Ferroviario Canario","description":"A.F.V","potentialAction":[{"@type":"SearchAction","target":{"@type":"EntryPoint","urlTemplate":"https:\/\/asadorferroviariocanario.com\/?s={search_term_string}"},"query-input":{"@type":"PropertyValueSpecification","valueRequired":true,"valueName":"search_term_string"}}],"inLanguage":"es"}]}},"jetpack_sharing_enabled":true,"_links":{"self":[{"href":"https:\/\/asadorferroviariocanario.com\/index.php?rest_route=\/wp\/v2\/product\/15663","targetHints":{"allow":["GET"]}}],"collection":[{"href":"https:\/\/asadorferroviariocanario.com\/index.php?rest_route=\/wp\/v2\/product"}],"about":[{"href":"https:\/\/asadorferroviariocanario.com\/index.php?rest_route=\/wp\/v2\/types\/product"}],"replies":[{"embeddable":true,"href":"https:\/\/asadorferroviariocanario.com\/index.php?rest_route=%2Fwp%2Fv2%2Fcomments&post=15663"}],"version-history":[{"count":21,"href":"https:\/\/asadorferroviariocanario.com\/index.php?rest_route=\/wp\/v2\/product\/15663\/revisions"}],"predecessor-version":[{"id":15729,"href":"https:\/\/asadorferroviariocanario.com\/index.php?rest_route=\/wp\/v2\/product\/15663\/revisions\/15729"}],"wp:featuredmedia":[{"embeddable":true,"href":"https:\/\/asadorferroviariocanario.com\/index.php?rest_route=\/wp\/v2\/media\/15619"}],"wp:attachment":[{"href":"https:\/\/asadorferroviariocanario.com\/index.php?rest_route=%2Fwp%2Fv2%2Fmedia&parent=15663"}],"wp:term":[{"taxonomy":"product_brand","embeddable":true,"href":"https:\/\/asadorferroviariocanario.com\/index.php?rest_route=%2Fwp%2Fv2%2Fproduct_brand&post=15663"},{"taxonomy":"product_cat","embeddable":true,"href":"https:\/\/asadorferroviariocanario.com\/index.php?rest_route=%2Fwp%2Fv2%2Fproduct_cat&post=15663"},{"taxonomy":"product_tag","embeddable":true,"href":"https:\/\/asadorferroviariocanario.com\/index.php?rest_route=%2Fwp%2Fv2%2Fproduct_tag&post=15663"}],"curies":[{"name":"wp","href":"https:\/\/api.w.org\/{rel}","templated":true}]}}