{"id":15736,"date":"2024-01-17T19:29:08","date_gmt":"2024-01-17T19:29:08","guid":{"rendered":"http:\/\/asadorferroviariocanario.com\/?post_type=product&#038;p=15736"},"modified":"2024-01-17T19:42:06","modified_gmt":"2024-01-17T19:42:06","slug":"olla-ferroviaria-canaria-20-raciones","status":"publish","type":"product","link":"https:\/\/asadorferroviariocanario.com\/?product=olla-ferroviaria-canaria-20-raciones","title":{"rendered":"Olla Ferroviaria Canaria 20 Raciones"},"content":{"rendered":"\t\t<div data-elementor-type=\"wp-post\" data-elementor-id=\"15736\" class=\"elementor elementor-15736\">\n\t\t\t\t<div class=\"wd-negative-gap elementor-element elementor-element-d1776e2 e-flex e-con-boxed e-con e-parent\" data-id=\"d1776e2\" data-element_type=\"container\" data-e-type=\"container\">\n\t\t\t\t\t<div class=\"e-con-inner\">\n\t\t<div class=\"elementor-element elementor-element-782c830 e-con-full e-flex e-con e-child\" data-id=\"782c830\" data-element_type=\"container\" data-e-type=\"container\">\n\t\t\t\t<div class=\"elementor-element elementor-element-daa1b03 elementor-widget elementor-widget-wd_text_block\" data-id=\"daa1b03\" data-element_type=\"widget\" data-e-type=\"widget\" data-widget_type=\"wd_text_block.default\">\n\t\t\t\t<div class=\"elementor-widget-container\">\n\t\t\t\t\t\t\t<div class=\"wd-text-block reset-last-child text-left\">\n\t\t\t\n\t\t\t<h3>OLLA FERROVIARIA CANARIA 14 RACIONES<\/h3><h4>Incluye:<\/h4><ul><li>Olla recta esmaltada\u00a0 de \u00d8 32 cm.<\/li><li>Collar\u00edn inox con asas de \u00d8 int.32 cm. \u00d8 ext. 40 cm.<\/li><li>Tapa recoge cenizas de \u00d8 40 cm.<\/li><li>Parrilla carb\u00f3n de \u00d8 40 cm.<\/li><li>Term\u00f3metro anal\u00f3gico.<\/li><li>Tapa de cristal templada de \u00d8 32 cm.<\/li><li>Parrilla para asar inox de \u00d8 40 cm.<\/li><li>Paella esmaltada de \u00d8 42 cm.<\/li><\/ul>\n\t\t\t\t\t<\/div>\n\t\t\t\t\t\t<\/div>\n\t\t\t\t<\/div>\n\t\t\t\t<\/div>\n\t\t<div class=\"elementor-element elementor-element-bbc9442 e-con-full e-flex e-con e-child\" data-id=\"bbc9442\" data-element_type=\"container\" data-e-type=\"container\">\n\t\t\t\t<div class=\"elementor-element elementor-element-0e2d92d elementor-widget elementor-widget-wd_text_block\" data-id=\"0e2d92d\" data-element_type=\"widget\" data-e-type=\"widget\" data-widget_type=\"wd_text_block.default\">\n\t\t\t\t<div class=\"elementor-widget-container\">\n\t\t\t\t\t\t\t<div class=\"wd-text-block reset-last-child text-left\">\n\t\t\t\n\t\t\t<h4>\u00a0<\/h4><h4>Opcional:<\/h4><ul><li>Plancha de hierro fundido de \u00d8 42 cm.<\/li><li>Parrilla para jamoncitos de pollo de \u00d8 40 cm.<\/li><li>Conjunto Kit de asado vertical inox.<\/li><\/ul>\n\t\t\t\t\t<\/div>\n\t\t\t\t\t\t<\/div>\n\t\t\t\t<\/div>\n\t\t\t\t<\/div>\n\t\t\t\t\t<\/div>\n\t\t\t\t<\/div>\n\t\t\t\t<\/div>\n\t\t","protected":false},"excerpt":{"rendered":"<h1>M\u00e1s Historia, M\u00e1s Grandeza<\/h1>\n<p style=\"text-align: justify;\">Sum\u00e9rgete en la \u00e9pica tradici\u00f3n de la Olla Ferroviaria Canaria de 20 Raciones, un legado que se remonta a los intr\u00e9pidos agentes del Ferrocarril de La Robla en la d\u00e9cada de 1930. Concebida para las traves\u00edas ferroviarias prolongadas, esta olla fue el coraz\u00f3n de las comidas diarias durante reemplazos y viajes de hasta quince d\u00edas.<\/p>\n<p style=\"text-align: justify;\">Cocidos de legumbres, carnes suculentas, y patatas con sabores aut\u00e9nticos definieron las creaciones culinarias de aquellos d\u00edas. Adapt\u00e1ndose a las circunstancias, las ollas ferroviarias evolucionaron: desde la Olla a Vapor, utilizada por maquinistas y fogoneros, hasta la Olla de Carb\u00f3n Vegetal, esencial para el personal de estaciones y trenes.<\/p>\n<p style=\"text-align: justify;\">Hoy, la Olla Ferroviaria Canaria de 20 Raciones rinde homenaje a esa rica historia. Construida con la misma dedicaci\u00f3n, esta obra maestra culinaria te invita a revivir la grandeza de tiempos pasados mientras preparas banquetes para grandes reuniones. \u00a1Descubre la magnificencia de la tradici\u00f3n en cada cocci\u00f3n con la Olla Ferroviaria Canaria de 20 Raciones!<\/p>\n","protected":false},"featured_media":15619,"comment_status":"open","ping_status":"closed","template":"","meta":[],"product_brand":[],"product_cat":[71],"product_tag":[],"class_list":{"0":"post-15736","1":"product","2":"type-product","3":"status-publish","4":"has-post-thumbnail","6":"product_cat-olla-ferroviaria-mixta","8":"first","9":"instock","10":"shipping-taxable","11":"product-type-simple"},"yoast_head":"<!-- This site is optimized with the Yoast SEO plugin v26.8 - https:\/\/yoast.com\/product\/yoast-seo-wordpress\/ -->\n<title>Olla Ferroviaria Canaria 20 Raciones - Asador Ferroviario Canario<\/title>\n<meta name=\"description\" content=\"Descubre la perfecci\u00f3n culinaria con nuestra Olla Ferroviaria Canaria de 20 raciones, una fusi\u00f3n magistral entre tradici\u00f3n e innovaci\u00f3n.\" \/>\n<meta name=\"robots\" content=\"index, follow, max-snippet:-1, max-image-preview:large, max-video-preview:-1\" \/>\n<link rel=\"canonical\" href=\"https:\/\/asadorferroviariocanario.com\/?product=olla-ferroviaria-canaria-20-raciones\" \/>\n<meta property=\"og:locale\" content=\"es_ES\" \/>\n<meta property=\"og:type\" content=\"article\" \/>\n<meta property=\"og:title\" content=\"Olla Ferroviaria Canaria 20 Raciones - Asador Ferroviario Canario\" \/>\n<meta property=\"og:description\" content=\"Descubre la perfecci\u00f3n culinaria con nuestra Olla Ferroviaria Canaria de 20 raciones, una fusi\u00f3n magistral entre tradici\u00f3n e innovaci\u00f3n.\" \/>\n<meta property=\"og:url\" content=\"https:\/\/asadorferroviariocanario.com\/?product=olla-ferroviaria-canaria-20-raciones\" \/>\n<meta property=\"og:site_name\" content=\"Asador Ferroviario Canario\" \/>\n<meta property=\"article:modified_time\" content=\"2024-01-17T19:42:06+00:00\" \/>\n<meta property=\"og:image\" content=\"https:\/\/asadorferroviariocanario.com\/wp-content\/uploads\/2024\/01\/olla-3.png\" \/>\n\t<meta property=\"og:image:width\" content=\"1107\" \/>\n\t<meta property=\"og:image:height\" content=\"1600\" \/>\n\t<meta property=\"og:image:type\" content=\"image\/png\" \/>\n<meta name=\"twitter:card\" content=\"summary_large_image\" \/>\n<meta name=\"twitter:label1\" content=\"Tiempo de lectura\" \/>\n\t<meta name=\"twitter:data1\" content=\"1 minuto\" \/>\n<script type=\"application\/ld+json\" class=\"yoast-schema-graph\">{\"@context\":\"https:\/\/schema.org\",\"@graph\":[{\"@type\":\"WebPage\",\"@id\":\"https:\/\/asadorferroviariocanario.com\/?product=olla-ferroviaria-canaria-20-raciones\",\"url\":\"https:\/\/asadorferroviariocanario.com\/?product=olla-ferroviaria-canaria-20-raciones\",\"name\":\"Olla Ferroviaria Canaria 20 Raciones - Asador Ferroviario Canario\",\"isPartOf\":{\"@id\":\"https:\/\/asadorferroviariocanario.com\/#website\"},\"primaryImageOfPage\":{\"@id\":\"https:\/\/asadorferroviariocanario.com\/?product=olla-ferroviaria-canaria-20-raciones#primaryimage\"},\"image\":{\"@id\":\"https:\/\/asadorferroviariocanario.com\/?product=olla-ferroviaria-canaria-20-raciones#primaryimage\"},\"thumbnailUrl\":\"https:\/\/asadorferroviariocanario.com\/wp-content\/uploads\/2024\/01\/olla-3.png\",\"datePublished\":\"2024-01-17T19:29:08+00:00\",\"dateModified\":\"2024-01-17T19:42:06+00:00\",\"description\":\"Descubre la perfecci\u00f3n culinaria con nuestra Olla Ferroviaria Canaria de 20 raciones, una fusi\u00f3n magistral entre tradici\u00f3n e innovaci\u00f3n.\",\"breadcrumb\":{\"@id\":\"https:\/\/asadorferroviariocanario.com\/?product=olla-ferroviaria-canaria-20-raciones#breadcrumb\"},\"inLanguage\":\"es\",\"potentialAction\":[{\"@type\":\"ReadAction\",\"target\":[\"https:\/\/asadorferroviariocanario.com\/?product=olla-ferroviaria-canaria-20-raciones\"]}]},{\"@type\":\"ImageObject\",\"inLanguage\":\"es\",\"@id\":\"https:\/\/asadorferroviariocanario.com\/?product=olla-ferroviaria-canaria-20-raciones#primaryimage\",\"url\":\"https:\/\/asadorferroviariocanario.com\/wp-content\/uploads\/2024\/01\/olla-3.png\",\"contentUrl\":\"https:\/\/asadorferroviariocanario.com\/wp-content\/uploads\/2024\/01\/olla-3.png\",\"width\":1107,\"height\":1600},{\"@type\":\"BreadcrumbList\",\"@id\":\"https:\/\/asadorferroviariocanario.com\/?product=olla-ferroviaria-canaria-20-raciones#breadcrumb\",\"itemListElement\":[{\"@type\":\"ListItem\",\"position\":1,\"name\":\"Portada\",\"item\":\"https:\/\/asadorferroviariocanario.com\/\"},{\"@type\":\"ListItem\",\"position\":2,\"name\":\"Nuestros Productos\",\"item\":\"https:\/\/asadorferroviariocanario.com\/?page_id=47\"},{\"@type\":\"ListItem\",\"position\":3,\"name\":\"Olla Ferroviaria Canaria 20 Raciones\"}]},{\"@type\":\"WebSite\",\"@id\":\"https:\/\/asadorferroviariocanario.com\/#website\",\"url\":\"https:\/\/asadorferroviariocanario.com\/\",\"name\":\"Asador Ferroviario Canario\",\"description\":\"A.F.V\",\"potentialAction\":[{\"@type\":\"SearchAction\",\"target\":{\"@type\":\"EntryPoint\",\"urlTemplate\":\"https:\/\/asadorferroviariocanario.com\/?s={search_term_string}\"},\"query-input\":{\"@type\":\"PropertyValueSpecification\",\"valueRequired\":true,\"valueName\":\"search_term_string\"}}],\"inLanguage\":\"es\"}]}<\/script>\n<!-- \/ Yoast SEO plugin. -->","yoast_head_json":{"title":"Olla Ferroviaria Canaria 20 Raciones - Asador Ferroviario Canario","description":"Descubre la perfecci\u00f3n culinaria con nuestra Olla Ferroviaria Canaria de 20 raciones, una fusi\u00f3n magistral entre tradici\u00f3n e innovaci\u00f3n.","robots":{"index":"index","follow":"follow","max-snippet":"max-snippet:-1","max-image-preview":"max-image-preview:large","max-video-preview":"max-video-preview:-1"},"canonical":"https:\/\/asadorferroviariocanario.com\/?product=olla-ferroviaria-canaria-20-raciones","og_locale":"es_ES","og_type":"article","og_title":"Olla Ferroviaria Canaria 20 Raciones - Asador Ferroviario Canario","og_description":"Descubre la perfecci\u00f3n culinaria con nuestra Olla Ferroviaria Canaria de 20 raciones, una fusi\u00f3n magistral entre tradici\u00f3n e innovaci\u00f3n.","og_url":"https:\/\/asadorferroviariocanario.com\/?product=olla-ferroviaria-canaria-20-raciones","og_site_name":"Asador Ferroviario Canario","article_modified_time":"2024-01-17T19:42:06+00:00","og_image":[{"width":1107,"height":1600,"url":"https:\/\/asadorferroviariocanario.com\/wp-content\/uploads\/2024\/01\/olla-3.png","type":"image\/png"}],"twitter_card":"summary_large_image","twitter_misc":{"Tiempo de lectura":"1 minuto"},"schema":{"@context":"https:\/\/schema.org","@graph":[{"@type":"WebPage","@id":"https:\/\/asadorferroviariocanario.com\/?product=olla-ferroviaria-canaria-20-raciones","url":"https:\/\/asadorferroviariocanario.com\/?product=olla-ferroviaria-canaria-20-raciones","name":"Olla Ferroviaria Canaria 20 Raciones - Asador Ferroviario Canario","isPartOf":{"@id":"https:\/\/asadorferroviariocanario.com\/#website"},"primaryImageOfPage":{"@id":"https:\/\/asadorferroviariocanario.com\/?product=olla-ferroviaria-canaria-20-raciones#primaryimage"},"image":{"@id":"https:\/\/asadorferroviariocanario.com\/?product=olla-ferroviaria-canaria-20-raciones#primaryimage"},"thumbnailUrl":"https:\/\/asadorferroviariocanario.com\/wp-content\/uploads\/2024\/01\/olla-3.png","datePublished":"2024-01-17T19:29:08+00:00","dateModified":"2024-01-17T19:42:06+00:00","description":"Descubre la perfecci\u00f3n culinaria con nuestra Olla Ferroviaria Canaria de 20 raciones, una fusi\u00f3n magistral entre tradici\u00f3n e innovaci\u00f3n.","breadcrumb":{"@id":"https:\/\/asadorferroviariocanario.com\/?product=olla-ferroviaria-canaria-20-raciones#breadcrumb"},"inLanguage":"es","potentialAction":[{"@type":"ReadAction","target":["https:\/\/asadorferroviariocanario.com\/?product=olla-ferroviaria-canaria-20-raciones"]}]},{"@type":"ImageObject","inLanguage":"es","@id":"https:\/\/asadorferroviariocanario.com\/?product=olla-ferroviaria-canaria-20-raciones#primaryimage","url":"https:\/\/asadorferroviariocanario.com\/wp-content\/uploads\/2024\/01\/olla-3.png","contentUrl":"https:\/\/asadorferroviariocanario.com\/wp-content\/uploads\/2024\/01\/olla-3.png","width":1107,"height":1600},{"@type":"BreadcrumbList","@id":"https:\/\/asadorferroviariocanario.com\/?product=olla-ferroviaria-canaria-20-raciones#breadcrumb","itemListElement":[{"@type":"ListItem","position":1,"name":"Portada","item":"https:\/\/asadorferroviariocanario.com\/"},{"@type":"ListItem","position":2,"name":"Nuestros Productos","item":"https:\/\/asadorferroviariocanario.com\/?page_id=47"},{"@type":"ListItem","position":3,"name":"Olla Ferroviaria Canaria 20 Raciones"}]},{"@type":"WebSite","@id":"https:\/\/asadorferroviariocanario.com\/#website","url":"https:\/\/asadorferroviariocanario.com\/","name":"Asador Ferroviario Canario","description":"A.F.V","potentialAction":[{"@type":"SearchAction","target":{"@type":"EntryPoint","urlTemplate":"https:\/\/asadorferroviariocanario.com\/?s={search_term_string}"},"query-input":{"@type":"PropertyValueSpecification","valueRequired":true,"valueName":"search_term_string"}}],"inLanguage":"es"}]}},"jetpack_sharing_enabled":true,"_links":{"self":[{"href":"https:\/\/asadorferroviariocanario.com\/index.php?rest_route=\/wp\/v2\/product\/15736","targetHints":{"allow":["GET"]}}],"collection":[{"href":"https:\/\/asadorferroviariocanario.com\/index.php?rest_route=\/wp\/v2\/product"}],"about":[{"href":"https:\/\/asadorferroviariocanario.com\/index.php?rest_route=\/wp\/v2\/types\/product"}],"replies":[{"embeddable":true,"href":"https:\/\/asadorferroviariocanario.com\/index.php?rest_route=%2Fwp%2Fv2%2Fcomments&post=15736"}],"version-history":[{"count":7,"href":"https:\/\/asadorferroviariocanario.com\/index.php?rest_route=\/wp\/v2\/product\/15736\/revisions"}],"predecessor-version":[{"id":15743,"href":"https:\/\/asadorferroviariocanario.com\/index.php?rest_route=\/wp\/v2\/product\/15736\/revisions\/15743"}],"wp:featuredmedia":[{"embeddable":true,"href":"https:\/\/asadorferroviariocanario.com\/index.php?rest_route=\/wp\/v2\/media\/15619"}],"wp:attachment":[{"href":"https:\/\/asadorferroviariocanario.com\/index.php?rest_route=%2Fwp%2Fv2%2Fmedia&parent=15736"}],"wp:term":[{"taxonomy":"product_brand","embeddable":true,"href":"https:\/\/asadorferroviariocanario.com\/index.php?rest_route=%2Fwp%2Fv2%2Fproduct_brand&post=15736"},{"taxonomy":"product_cat","embeddable":true,"href":"https:\/\/asadorferroviariocanario.com\/index.php?rest_route=%2Fwp%2Fv2%2Fproduct_cat&post=15736"},{"taxonomy":"product_tag","embeddable":true,"href":"https:\/\/asadorferroviariocanario.com\/index.php?rest_route=%2Fwp%2Fv2%2Fproduct_tag&post=15736"}],"curies":[{"name":"wp","href":"https:\/\/api.w.org\/{rel}","templated":true}]}}